{"id":1870,"date":"2024-09-25T15:14:49","date_gmt":"2024-09-25T15:14:49","guid":{"rendered":"https:\/\/cisolutionscorp.com\/?page_id=1870"},"modified":"2024-09-25T16:05:05","modified_gmt":"2024-09-25T16:05:05","slug":"traducciones","status":"publish","type":"page","link":"https:\/\/cisolutionscorp.com\/en\/traducciones\/","title":{"rendered":"Traducciones"},"content":{"rendered":"<style><\/style>\t\t<div data-elementor-type=\"wp-page\" data-elementor-id=\"1870\" class=\"elementor elementor-1870\" data-elementor-post-type=\"page\">\n\t\t\t\t\t\t<section class=\"elementor-section elementor-top-section elementor-element elementor-element-f416015 elementor-section-boxed elementor-section-height-default elementor-section-height-default\" data-id=\"f416015\" data-element_type=\"section\" data-e-type=\"section\">\n\t\t\t\t\t\t<div class=\"elementor-container elementor-column-gap-default\">\n\t\t\t\t\t<div class=\"elementor-column elementor-col-100 elementor-top-column elementor-element elementor-element-d5e1f44\" data-id=\"d5e1f44\" data-element_type=\"column\" data-e-type=\"column\">\n\t\t\t<div class=\"elementor-widget-wrap elementor-element-populated\">\n\t\t\t\t\t\t<div class=\"elementor-element elementor-element-795fb3b elementor-widget elementor-widget-html\" data-id=\"795fb3b\" data-element_type=\"widget\" data-e-type=\"widget\" data-widget_type=\"html.default\">\n\t\t\t\t<div class=\"elementor-widget-container\">\n\t\t\t\t\t    <table style=\"width: 700px;border: 1px solid #c0c0c0;padding:0px;font-family:Arial, Helvetica, sans-serif;background-color: #000000;color: #ffffff\">\r\n        <tr style=\"text-align: center\">\r\n            <td style=\"text-align: center;padding: 20px;background-color: black\">\r\n               <img decoding=\"async\" width=\"350px\" src=\"https:\/\/cisolutionscorp.com\/wp-content\/uploads\/2022\/09\/LOGO-CIS-D-1024x306.png\">\r\n            <\/td>\r\n        <\/tr>\r\n\r\n        <tr>\r\n            <td style=\"padding: 40px\">\r\n                <h2 style=\"text-align: center\">Thank you for subscribing to our newsletter!<\/h2>\r\n                <p>At Central Incorporated Solutions, we are committed to providing you with the latest updates, news, and tips to help you improve and grow your business. We appreciate your interest and look forward to sharing valuable content with you. <\/p>\r\n                <p>If you have any questions or need further information, please feel free to contact us. We are here to help!<\/p>\r\n            <\/td>\r\n        <\/tr>\r\n    <\/table>\t\t\t\t<\/div>\n\t\t\t\t<\/div>\n\t\t\t\t<div class=\"elementor-element elementor-element-4018ea9 elementor-widget elementor-widget-html\" data-id=\"4018ea9\" data-element_type=\"widget\" data-e-type=\"widget\" data-widget_type=\"html.default\">\n\t\t\t\t<div class=\"elementor-widget-container\">\n\t\t\t\t\tThank you for subscribing to our newsletter!\t\t\t\t<\/div>\n\t\t\t\t<\/div>\n\t\t\t\t\t<\/div>\n\t\t<\/div>\n\t\t\t\t\t<\/div>\n\t\t<\/section>\n\t\t\t\t<section class=\"elementor-section elementor-top-section elementor-element elementor-element-6934bbb elementor-section-boxed elementor-section-height-default elementor-section-height-default\" data-id=\"6934bbb\" data-element_type=\"section\" data-e-type=\"section\">\n\t\t\t\t\t\t<div class=\"elementor-container elementor-column-gap-default\">\n\t\t\t\t\t<div class=\"elementor-column elementor-col-100 elementor-top-column elementor-element elementor-element-841aa20\" data-id=\"841aa20\" data-element_type=\"column\" data-e-type=\"column\">\n\t\t\t<div class=\"elementor-widget-wrap elementor-element-populated\">\n\t\t\t\t\t\t<div class=\"elementor-element elementor-element-3190a89 elementor-widget elementor-widget-html\" data-id=\"3190a89\" data-element_type=\"widget\" data-e-type=\"widget\" data-widget_type=\"html.default\">\n\t\t\t\t<div class=\"elementor-widget-container\">\n\t\t\t\t\t    <table style=\"width: 700px;border: 1px solid #c0c0c0;padding:0px;font-family:Arial, Helvetica, sans-serif;background-color: #000000;color: #ffffff\">\r\n        <tr style=\"text-align: center\">\r\n            <td style=\"text-align: center;padding: 20px;background-color: black\">\r\n               <img decoding=\"async\" width=\"350px\" src=\"https:\/\/cisolutionscorp.com\/wp-content\/uploads\/2022\/09\/LOGO-CIS-D-1024x306.png\">\r\n            <\/td>\r\n        <\/tr>\r\n\r\n        <tr>\r\n            <td style=\"padding: 40px\">\r\n                <h2 style=\"text-align: center\">Thank you for contacting us!<\/h2>\r\n                <p>At Central Incorporated Solutions, we appreciate your interest. A member of our team will be in touch with you shortly.<\/p>\r\n            <\/td>\r\n        <\/tr>\r\n    <\/table>\t\t\t\t<\/div>\n\t\t\t\t<\/div>\n\t\t\t\t<div class=\"elementor-element elementor-element-24e58b4 elementor-widget elementor-widget-html\" data-id=\"24e58b4\" data-element_type=\"widget\" data-e-type=\"widget\" data-widget_type=\"html.default\">\n\t\t\t\t<div class=\"elementor-widget-container\">\n\t\t\t\t\tThank you for contacting us!\t\t\t\t<\/div>\n\t\t\t\t<\/div>\n\t\t\t\t\t<\/div>\n\t\t<\/div>\n\t\t\t\t\t<\/div>\n\t\t<\/section>\n\t\t\t\t<\/div>","protected":false},"excerpt":{"rendered":"<p>\u00a1Gracias por suscribirse a nuestro bolet\u00edn! En Central Incorporated Solutions, nos dedicamos a brindarle las \u00faltimas actualizaciones, noticias y consejos que pueden ayudarle a mejorar y crecer su negocio. Valoramos su inter\u00e9s y estamos emocionados de compartir contenido valioso con usted. Si tiene alguna pregunta o necesita m\u00e1s informaci\u00f3n, no dude en ponerse en contacto [&hellip;]<\/p>\n","protected":false},"author":6,"featured_media":0,"parent":0,"menu_order":0,"comment_status":"closed","ping_status":"closed","template":"","meta":{"footnotes":""},"class_list":["post-1870","page","type-page","status-publish","hentry"],"_links":{"self":[{"href":"https:\/\/cisolutionscorp.com\/en\/wp-json\/wp\/v2\/pages\/1870","targetHints":{"allow":["GET"]}}],"collection":[{"href":"https:\/\/cisolutionscorp.com\/en\/wp-json\/wp\/v2\/pages"}],"about":[{"href":"https:\/\/cisolutionscorp.com\/en\/wp-json\/wp\/v2\/types\/page"}],"author":[{"embeddable":true,"href":"https:\/\/cisolutionscorp.com\/en\/wp-json\/wp\/v2\/users\/6"}],"replies":[{"embeddable":true,"href":"https:\/\/cisolutionscorp.com\/en\/wp-json\/wp\/v2\/comments?post=1870"}],"version-history":[{"count":10,"href":"https:\/\/cisolutionscorp.com\/en\/wp-json\/wp\/v2\/pages\/1870\/revisions"}],"predecessor-version":[{"id":1886,"href":"https:\/\/cisolutionscorp.com\/en\/wp-json\/wp\/v2\/pages\/1870\/revisions\/1886"}],"wp:attachment":[{"href":"https:\/\/cisolutionscorp.com\/en\/wp-json\/wp\/v2\/media?parent=1870"}],"curies":[{"name":"wp","href":"https:\/\/api.w.org\/{rel}","templated":true}]}}