{"id":821,"date":"2022-09-02T21:31:14","date_gmt":"2022-09-02T21:31:14","guid":{"rendered":"https:\/\/cisolutionscorp.com\/?page_id=821"},"modified":"2022-09-05T03:11:53","modified_gmt":"2022-09-05T03:11:53","slug":"viaje-y-turismo-2","status":"publish","type":"page","link":"https:\/\/cisolutionscorp.com\/en\/viaje-y-turismo-2\/","title":{"rendered":"Travel and Tourism"},"content":{"rendered":"<style>.elementor-821 .elementor-element.elementor-element-f6edab1 > .elementor-container{max-width:1170px;}.elementor-821 .elementor-element.elementor-element-f6edab1:not(.elementor-motion-effects-element-type-background), .elementor-821 .elementor-element.elementor-element-f6edab1 > .elementor-motion-effects-container > .elementor-motion-effects-layer{background-image:url(\"https:\/\/cisolutionscorp.com\/wp-content\/uploads\/2022\/09\/traveling-and-photography-young-woman-with-a-camera-is-photographed-on-the-sea-beach-.jpg\");background-position:top center;background-repeat:no-repeat;background-size:cover;}.elementor-821 .elementor-element.elementor-element-f6edab1 > .elementor-background-overlay{background-color:#000000;opacity:0.6;transition:background 0.3s, border-radius 0.3s, opacity 0.3s;}.elementor-821 .elementor-element.elementor-element-f6edab1{transition:background 0.3s, border 0.3s, border-radius 0.3s, box-shadow 0.3s;margin-top:-15px;margin-bottom:0px;padding:0300px 0px 0300px 0px;}.elementor-821 .elementor-element.elementor-element-5daf9fe.elementor-column > .elementor-widget-wrap{justify-content:center;}.elementor-821 .elementor-element.elementor-element-9d2a626{text-align:start;}.elementor-821 .elementor-element.elementor-element-9d2a626 .elementor-heading-title{font-family:var( --e-global-typography-fc10822-font-family ), Sans-serif;font-size:var( --e-global-typography-fc10822-font-size );font-weight:var( --e-global-typography-fc10822-font-weight );line-height:var( --e-global-typography-fc10822-line-height );letter-spacing:var( --e-global-typography-fc10822-letter-spacing );word-spacing:var( --e-global-typography-fc10822-word-spacing );color:var( --e-global-color-17b9b1d );}.elementor-821 .elementor-element.elementor-element-6390d90 > .elementor-container{max-width:1170px;}.elementor-821 .elementor-element.elementor-element-6390d90 > .elementor-background-overlay{opacity:0.5;transition:background 0.3s, border-radius 0.3s, opacity 0.3s;}.elementor-821 .elementor-element.elementor-element-6390d90{transition:background 0.3s, border 0.3s, border-radius 0.3s, box-shadow 0.3s;padding:100px 0px 100px 0px;}.elementor-821 .elementor-element.elementor-element-23a6b47.elementor-column > .elementor-widget-wrap{justify-content:center;}.elementor-821 .elementor-element.elementor-element-cee1a91 > .elementor-container{max-width:1170px;}.elementor-821 .elementor-element.elementor-element-cee1a91{margin-top:40px;margin-bottom:0px;}.elementor-821 .elementor-element.elementor-element-ec5b5c0 > .elementor-element-populated{margin:0px 20px 0px 0px;--e-column-margin-right:20px;--e-column-margin-left:0px;}.elementor-821 .elementor-element.elementor-element-21a0820 .jeg-elementor-kit.jkit-accordion .card-wrapper .card-header .card-header-button{font-family:var( --e-global-typography-text-font-family ), Sans-serif;font-size:var( --e-global-typography-text-font-size );font-weight:var( --e-global-typography-text-font-weight );line-height:var( --e-global-typography-text-line-height );padding:25px 40px 25px 40px;margin-bottom:25px;}.elementor-821 .elementor-element.elementor-element-21a0820 .jeg-elementor-kit.jkit-accordion .card-wrapper.expand .card-header .card-header-button{color:#FFFFFF;box-shadow:0px 0px 0px 0px rgba(0, 0, 0, 0);}.elementor-821 .elementor-element.elementor-element-21a0820 .jeg-elementor-kit.jkit-accordion .card-wrapper.expand .card-header:not(.background-gradient) .card-header-button, .elementor-821 .elementor-element.elementor-element-21a0820 .jeg-elementor-kit.jkit-accordion .card-wrapper .card-header.background-gradient:after{background-color:var( --e-global-color-secondary );}.elementor-821 .elementor-element.elementor-element-21a0820 .jeg-elementor-kit.jkit-accordion .card-wrapper.expand .card-header .card-header-button, .elementor-821 .elementor-element.elementor-element-21a0820 .jeg-elementor-kit.jkit-accordion .card-wrapper .card-header.background-gradient::after{border-radius:0px 0px 0px 0px;}.elementor-821 .elementor-element.elementor-element-21a0820 .jeg-elementor-kit.jkit-accordion .card-wrapper:not(.expand) .card-header .card-header-button{color:var( --e-global-color-primary );box-shadow:0px 0px 0px 0px rgba(0, 0, 0, 0.1);}.elementor-821 .elementor-element.elementor-element-21a0820 .jeg-elementor-kit.jkit-accordion .card-wrapper:not(.expand) .card-header .card-header-button, .elementor-821 .elementor-element.elementor-element-21a0820 .jeg-elementor-kit.jkit-accordion .card-wrapper .card-header.background-gradient::before{border-radius:5px 5px 5px 5px;}.elementor-821 .elementor-element.elementor-element-21a0820 .jeg-elementor-kit.jkit-accordion .card-expand .card-body{color:var( --e-global-color-text );font-family:var( --e-global-typography-text-font-family ), Sans-serif;font-size:var( --e-global-typography-text-font-size );font-weight:var( --e-global-typography-text-font-weight );line-height:var( --e-global-typography-text-line-height );padding:10px 40px 40px 40px;}.elementor-821 .elementor-element.elementor-element-21a0820 .jeg-elementor-kit.jkit-accordion .card-wrapper{border-radius:0px 0px 0px 0px;box-shadow:0px 3px 15px 0px rgba(0, 0, 0, 0.1);}.elementor-821 .elementor-element.elementor-element-21a0820 .jeg-elementor-kit.jkit-accordion .card-wrapper .card-header .card-header-button [class*=\"icon-group\"] .active-icon{color:#FFFFFF;}.elementor-821 .elementor-element.elementor-element-21a0820 .jeg-elementor-kit.jkit-accordion .card-wrapper .card-header .card-header-button [class*=\"icon-group\"] .active-icon svg{fill:#FFFFFF;}.elementor-821 .elementor-element.elementor-element-21a0820 .jeg-elementor-kit.jkit-accordion .card-wrapper .card-header .card-header-button [class*=\"icon-group\"] .normal-icon{color:var( --e-global-color-secondary );}.elementor-821 .elementor-element.elementor-element-21a0820 .jeg-elementor-kit.jkit-accordion .card-wrapper .card-header .card-header-button [class*=\"icon-group\"] .normal-icon svg{fill:var( --e-global-color-secondary );}.elementor-821 .elementor-element.elementor-element-65ad055 > .elementor-element-populated{margin:0px 0px 0px 20px;--e-column-margin-right:0px;--e-column-margin-left:20px;}.elementor-821 .elementor-element.elementor-element-7ef40c7 .jeg-elementor-kit.jkit-accordion .card-wrapper .card-header .card-header-button{font-family:var( --e-global-typography-text-font-family ), Sans-serif;font-size:var( --e-global-typography-text-font-size );font-weight:var( --e-global-typography-text-font-weight );line-height:var( --e-global-typography-text-line-height );padding:25px 40px 25px 40px;margin-bottom:25px;}.elementor-821 .elementor-element.elementor-element-7ef40c7 .jeg-elementor-kit.jkit-accordion .card-wrapper.expand .card-header .card-header-button{color:#FFFFFF;box-shadow:0px 0px 0px 0px rgba(0, 0, 0, 0);}.elementor-821 .elementor-element.elementor-element-7ef40c7 .jeg-elementor-kit.jkit-accordion .card-wrapper.expand .card-header:not(.background-gradient) .card-header-button, .elementor-821 .elementor-element.elementor-element-7ef40c7 .jeg-elementor-kit.jkit-accordion .card-wrapper .card-header.background-gradient:after{background-color:var( --e-global-color-secondary );}.elementor-821 .elementor-element.elementor-element-7ef40c7 .jeg-elementor-kit.jkit-accordion .card-wrapper.expand .card-header .card-header-button, .elementor-821 .elementor-element.elementor-element-7ef40c7 .jeg-elementor-kit.jkit-accordion .card-wrapper .card-header.background-gradient::after{border-radius:0px 0px 0px 0px;}.elementor-821 .elementor-element.elementor-element-7ef40c7 .jeg-elementor-kit.jkit-accordion .card-wrapper:not(.expand) .card-header .card-header-button{color:var( --e-global-color-primary );box-shadow:0px 0px 0px 0px rgba(0, 0, 0, 0.1);}.elementor-821 .elementor-element.elementor-element-7ef40c7 .jeg-elementor-kit.jkit-accordion .card-wrapper:not(.expand) .card-header .card-header-button, .elementor-821 .elementor-element.elementor-element-7ef40c7 .jeg-elementor-kit.jkit-accordion .card-wrapper .card-header.background-gradient::before{border-radius:5px 5px 5px 5px;}.elementor-821 .elementor-element.elementor-element-7ef40c7 .jeg-elementor-kit.jkit-accordion .card-expand .card-body{color:var( --e-global-color-text );font-family:var( --e-global-typography-text-font-family ), Sans-serif;font-size:var( --e-global-typography-text-font-size );font-weight:var( --e-global-typography-text-font-weight );line-height:var( --e-global-typography-text-line-height );padding:10px 40px 40px 40px;}.elementor-821 .elementor-element.elementor-element-7ef40c7 .jeg-elementor-kit.jkit-accordion .card-wrapper{border-radius:0px 0px 0px 0px;box-shadow:0px 3px 15px 0px rgba(0, 0, 0, 0.1);}.elementor-821 .elementor-element.elementor-element-7ef40c7 .jeg-elementor-kit.jkit-accordion .card-wrapper .card-header .card-header-button [class*=\"icon-group\"] .active-icon{color:#FFFFFF;}.elementor-821 .elementor-element.elementor-element-7ef40c7 .jeg-elementor-kit.jkit-accordion .card-wrapper .card-header .card-header-button [class*=\"icon-group\"] .active-icon svg{fill:#FFFFFF;}.elementor-821 .elementor-element.elementor-element-7ef40c7 .jeg-elementor-kit.jkit-accordion .card-wrapper .card-header .card-header-button [class*=\"icon-group\"] .normal-icon{color:var( --e-global-color-secondary );}.elementor-821 .elementor-element.elementor-element-7ef40c7 .jeg-elementor-kit.jkit-accordion .card-wrapper .card-header .card-header-button [class*=\"icon-group\"] .normal-icon svg{fill:var( --e-global-color-secondary );}.elementor-821 .elementor-element.elementor-element-61f2501{margin-top:0px;margin-bottom:0px;padding:0px 0px 100px 0px;}:root{--page-title-display:none;}@media(max-width:1024px){.elementor-821 .elementor-element.elementor-element-f6edab1{padding:100px 10px 100px 10px;}.elementor-821 .elementor-element.elementor-element-9d2a626 .elementor-heading-title{font-size:var( --e-global-typography-fc10822-font-size );line-height:var( --e-global-typography-fc10822-line-height );letter-spacing:var( --e-global-typography-fc10822-letter-spacing );word-spacing:var( --e-global-typography-fc10822-word-spacing );}.elementor-821 .elementor-element.elementor-element-6390d90{padding:180px 10px 80px 10px;}.elementor-821 .elementor-element.elementor-element-cee1a91{margin-top:-76px;margin-bottom:0px;padding:0px 0px 0px 0px;}.elementor-821 .elementor-element.elementor-element-21a0820 .jeg-elementor-kit.jkit-accordion .card-wrapper .card-header .card-header-button{font-size:var( --e-global-typography-text-font-size );line-height:var( --e-global-typography-text-line-height );}.elementor-821 .elementor-element.elementor-element-21a0820 .jeg-elementor-kit.jkit-accordion .card-expand .card-body{font-size:var( --e-global-typography-text-font-size );line-height:var( --e-global-typography-text-line-height );}.elementor-821 .elementor-element.elementor-element-7ef40c7 .jeg-elementor-kit.jkit-accordion .card-wrapper .card-header .card-header-button{font-size:var( --e-global-typography-text-font-size );line-height:var( --e-global-typography-text-line-height );}.elementor-821 .elementor-element.elementor-element-7ef40c7 .jeg-elementor-kit.jkit-accordion .card-expand .card-body{font-size:var( --e-global-typography-text-font-size );line-height:var( --e-global-typography-text-line-height );}}@media(max-width:767px){.elementor-821 .elementor-element.elementor-element-f6edab1{padding:60px 10px 60px 10px;}.elementor-821 .elementor-element.elementor-element-9d2a626 .elementor-heading-title{font-size:var( --e-global-typography-fc10822-font-size );line-height:var( --e-global-typography-fc10822-line-height );letter-spacing:var( --e-global-typography-fc10822-letter-spacing );word-spacing:var( --e-global-typography-fc10822-word-spacing );}.elementor-821 .elementor-element.elementor-element-6390d90{padding:140px 10px 40px 10px;}.elementor-821 .elementor-element.elementor-element-ec5b5c0 > .elementor-element-populated{margin:0px 0px 0px 0px;--e-column-margin-right:0px;--e-column-margin-left:0px;}.elementor-821 .elementor-element.elementor-element-21a0820 .jeg-elementor-kit.jkit-accordion .card-wrapper .card-header .card-header-button{font-size:var( --e-global-typography-text-font-size );line-height:var( --e-global-typography-text-line-height );}.elementor-821 .elementor-element.elementor-element-21a0820 .jeg-elementor-kit.jkit-accordion .card-expand .card-body{font-size:var( --e-global-typography-text-font-size );line-height:var( --e-global-typography-text-line-height );}.elementor-821 .elementor-element.elementor-element-65ad055 > .elementor-element-populated{margin:20px 0px 0px 0px;--e-column-margin-right:0px;--e-column-margin-left:0px;}.elementor-821 .elementor-element.elementor-element-7ef40c7 .jeg-elementor-kit.jkit-accordion .card-wrapper .card-header .card-header-button{font-size:var( --e-global-typography-text-font-size );line-height:var( --e-global-typography-text-line-height );}.elementor-821 .elementor-element.elementor-element-7ef40c7 .jeg-elementor-kit.jkit-accordion .card-expand .card-body{font-size:var( --e-global-typography-text-font-size );line-height:var( --e-global-typography-text-line-height );}}<\/style>\t\t<div data-elementor-type=\"wp-page\" data-elementor-id=\"821\" class=\"elementor elementor-821\" data-elementor-post-type=\"page\">\n\t\t\t\t\t\t<section class=\"elementor-section elementor-top-section elementor-element elementor-element-f6edab1 elementor-section-boxed elementor-section-height-default elementor-section-height-default\" data-id=\"f6edab1\" data-element_type=\"section\" data-e-type=\"section\" data-settings=\"{&quot;background_background&quot;:&quot;classic&quot;}\">\n\t\t\t\t\t\t\t<div class=\"elementor-background-overlay\"><\/div>\n\t\t\t\t\t\t\t<div class=\"elementor-container elementor-column-gap-default\">\n\t\t\t\t\t<div class=\"elementor-column elementor-col-100 elementor-top-column elementor-element elementor-element-5daf9fe\" data-id=\"5daf9fe\" data-element_type=\"column\" data-e-type=\"column\">\n\t\t\t<div class=\"elementor-widget-wrap elementor-element-populated\">\n\t\t\t\t\t\t<div class=\"elementor-element elementor-element-9d2a626 elementor-widget elementor-widget-heading\" data-id=\"9d2a626\" data-element_type=\"widget\" data-e-type=\"widget\" data-widget_type=\"heading.default\">\n\t\t\t\t<div class=\"elementor-widget-container\">\n\t\t\t\t\t<h1 class=\"elementor-heading-title elementor-size-default\">Viaje y Turismo<\/h1>\t\t\t\t<\/div>\n\t\t\t\t<\/div>\n\t\t\t\t\t<\/div>\n\t\t<\/div>\n\t\t\t\t\t<\/div>\n\t\t<\/section>\n\t\t\t\t<section class=\"elementor-section elementor-top-section elementor-element elementor-element-6390d90 elementor-section-boxed elementor-section-height-default elementor-section-height-default\" data-id=\"6390d90\" data-element_type=\"section\" data-e-type=\"section\" data-settings=\"{&quot;background_background&quot;:&quot;classic&quot;}\">\n\t\t\t\t\t\t\t<div class=\"elementor-background-overlay\"><\/div>\n\t\t\t\t\t\t\t<div class=\"elementor-container elementor-column-gap-default\">\n\t\t\t\t\t<div class=\"elementor-column elementor-col-100 elementor-top-column elementor-element elementor-element-23a6b47\" data-id=\"23a6b47\" data-element_type=\"column\" data-e-type=\"column\">\n\t\t\t<div class=\"elementor-widget-wrap elementor-element-populated\">\n\t\t\t\t\t\t<section class=\"elementor-section elementor-inner-section elementor-element elementor-element-cee1a91 elementor-section-boxed elementor-section-height-default elementor-section-height-default\" data-id=\"cee1a91\" data-element_type=\"section\" data-e-type=\"section\">\n\t\t\t\t\t\t<div class=\"elementor-container elementor-column-gap-no\">\n\t\t\t\t\t<div class=\"elementor-column elementor-col-50 elementor-inner-column elementor-element elementor-element-ec5b5c0\" data-id=\"ec5b5c0\" data-element_type=\"column\" data-e-type=\"column\">\n\t\t\t<div class=\"elementor-widget-wrap elementor-element-populated\">\n\t\t\t\t\t\t<div class=\"elementor-element elementor-element-21a0820 elementor-widget elementor-widget-jkit_accordion\" data-id=\"21a0820\" data-element_type=\"widget\" data-e-type=\"widget\" data-widget_type=\"jkit_accordion.default\">\n\t\t\t\t<div class=\"elementor-widget-container\">\n\t\t\t\t\t<div  class=\"jeg-elementor-kit jkit-accordion style-shadow jeg_module___69e0f71c34e1b\" ><div class=\"card-wrapper \">\n                <div class=\"card-header\">\n                    <a href=\"#expand-8fab880\" class=\"card-header-button\" aria-expanded=\"false\" data-target=\"#expand-8fab880\" aria-controls=\"expand-8fab880\">\n                        <span class=\"title\">Desarrollo de plataforma en la nube<\/span><div class=\"right-icon-group\">\n                <div class=\"normal-icon\"><i aria-hidden=\"true\" class=\"fas fa-chevron-down\"><\/i><\/div>\n                <div class=\"active-icon\"><i aria-hidden=\"true\" class=\"fas fa-chevron-up\"><\/i><\/div>\n            <\/div>\n                    <\/a>\n                <\/div>\n                <div class=\"card-expand\" id=\"expand-8fab880\" style=\"display:none\"><div class=\"card-body\"><p>Cuando aumenta el n\u00famero de clientes, el desarrollo de la plataforma en la nube surge como la tecnolog\u00eda para ampliar las soluciones de las empresas de viajes. Hoy en d\u00eda, es posible que no haya una empresa de viajes que no pueda beneficiarse de los servicios en la nube. Los servicios en la nube permiten el acceso a los datos de manera simple, segura y sin complicaciones, incluso en las ubicaciones m\u00e1s remotas donde los consumidores pueden viajar en su b\u00fasqueda de aventuras. Tambi\u00e9n garantizan que los clientes y los representantes de atenci\u00f3n al cliente de una importante organizaci\u00f3n de viajes, como la que prev\u00e9, mantengan una comunicaci\u00f3n saludable e informada.<\/p><\/div><\/div>\n            <\/div><div class=\"card-wrapper \">\n                <div class=\"card-header\">\n                    <a href=\"#expand-c8565b5\" class=\"card-header-button\" aria-expanded=\"false\" data-target=\"#expand-c8565b5\" aria-controls=\"expand-c8565b5\">\n                        <span class=\"title\">Atenci\u00f3n al cliente<\/span><div class=\"right-icon-group\">\n                <div class=\"normal-icon\"><i aria-hidden=\"true\" class=\"fas fa-chevron-down\"><\/i><\/div>\n                <div class=\"active-icon\"><i aria-hidden=\"true\" class=\"fas fa-chevron-up\"><\/i><\/div>\n            <\/div>\n                    <\/a>\n                <\/div>\n                <div class=\"card-expand\" id=\"expand-c8565b5\" style=\"display:none\"><div class=\"card-body\"><p>Tenemos una amplia experiencia en la prestaci\u00f3n de servicios de atenci\u00f3n al cliente altamente especializados para empresas de viajes, ocio y hosteler\u00eda de todo tipo.<\/p><\/div><\/div>\n            <\/div><div class=\"card-wrapper expand\">\n                <div class=\"card-header\">\n                    <a href=\"#expand-34c3ab0\" class=\"card-header-button\" aria-expanded=\"false\" data-target=\"#expand-34c3ab0\" aria-controls=\"expand-34c3ab0\">\n                        <span class=\"title\">Validaci\u00f3n de datos<\/span><div class=\"right-icon-group\">\n                <div class=\"normal-icon\"><i aria-hidden=\"true\" class=\"fas fa-chevron-down\"><\/i><\/div>\n                <div class=\"active-icon\"><i aria-hidden=\"true\" class=\"fas fa-chevron-up\"><\/i><\/div>\n            <\/div>\n                    <\/a>\n                <\/div>\n                <div class=\"card-expand\" id=\"expand-34c3ab0\" style=\"display:block\"><div class=\"card-body\"><p>Central Incorporated Solutions proporciona servicios de limpieza y validaci\u00f3n de datos de bajo costo que conducen a operaciones de marketing bien dirigidas.<\/p><\/div><\/div>\n            <\/div><\/div>\t\t\t\t<\/div>\n\t\t\t\t<\/div>\n\t\t\t\t\t<\/div>\n\t\t<\/div>\n\t\t\t\t<div class=\"elementor-column elementor-col-50 elementor-inner-column elementor-element elementor-element-65ad055\" data-id=\"65ad055\" data-element_type=\"column\" data-e-type=\"column\">\n\t\t\t<div class=\"elementor-widget-wrap elementor-element-populated\">\n\t\t\t\t\t\t<div class=\"elementor-element elementor-element-7ef40c7 elementor-widget elementor-widget-jkit_accordion\" data-id=\"7ef40c7\" data-element_type=\"widget\" data-e-type=\"widget\" data-widget_type=\"jkit_accordion.default\">\n\t\t\t\t<div class=\"elementor-widget-container\">\n\t\t\t\t\t<div  class=\"jeg-elementor-kit jkit-accordion style-shadow jeg_module__1_69e0f71c381cf\" ><div class=\"card-wrapper \">\n                <div class=\"card-header\">\n                    <a href=\"#expand-8fab880\" class=\"card-header-button\" aria-expanded=\"false\" data-target=\"#expand-8fab880\" aria-controls=\"expand-8fab880\">\n                        <span class=\"title\">Reembolso<\/span><div class=\"right-icon-group\">\n                <div class=\"normal-icon\"><i aria-hidden=\"true\" class=\"fas fa-chevron-down\"><\/i><\/div>\n                <div class=\"active-icon\"><i aria-hidden=\"true\" class=\"fas fa-chevron-up\"><\/i><\/div>\n            <\/div>\n                    <\/a>\n                <\/div>\n                <div class=\"card-expand\" id=\"expand-8fab880\" style=\"display:none\"><div class=\"card-body\"><p>Podemos ejecutar sin esfuerzo cancelaciones y reembolsos de boletos de avi\u00f3n y registros de habitaciones de hotel, brindando una experiencia superior al cliente.<\/p><\/div><\/div>\n            <\/div><div class=\"card-wrapper \">\n                <div class=\"card-header\">\n                    <a href=\"#expand-c8565b5\" class=\"card-header-button\" aria-expanded=\"false\" data-target=\"#expand-c8565b5\" aria-controls=\"expand-c8565b5\">\n                        <span class=\"title\">Servicio de asistencia<\/span><div class=\"right-icon-group\">\n                <div class=\"normal-icon\"><i aria-hidden=\"true\" class=\"fas fa-chevron-down\"><\/i><\/div>\n                <div class=\"active-icon\"><i aria-hidden=\"true\" class=\"fas fa-chevron-up\"><\/i><\/div>\n            <\/div>\n                    <\/a>\n                <\/div>\n                <div class=\"card-expand\" id=\"expand-c8565b5\" style=\"display:none\"><div class=\"card-body\"><p>Para nuestros clientes de viajes, transporte y hoteles, tambi\u00e9n ofrecemos servicios de centro de llamadas de asistencia t\u00e9cnica. Como un conocido centro de contacto de asistencia t\u00e9cnica, asistimos a pasajeros a\u00e9reos y clientes de hoteles con soluciones r\u00e1pidas y oportunas.<\/p><\/div><\/div>\n            <\/div><div class=\"card-wrapper expand\">\n                <div class=\"card-header\">\n                    <a href=\"#expand-34c3ab0\" class=\"card-header-button\" aria-expanded=\"false\" data-target=\"#expand-34c3ab0\" aria-controls=\"expand-34c3ab0\">\n                        <span class=\"title\">Cancelaci\u00f3n<\/span><div class=\"right-icon-group\">\n                <div class=\"normal-icon\"><i aria-hidden=\"true\" class=\"fas fa-chevron-down\"><\/i><\/div>\n                <div class=\"active-icon\"><i aria-hidden=\"true\" class=\"fas fa-chevron-up\"><\/i><\/div>\n            <\/div>\n                    <\/a>\n                <\/div>\n                <div class=\"card-expand\" id=\"expand-34c3ab0\" style=\"display:block\"><div class=\"card-body\"><p>Nuestro centro de contacto del sector de viajes puede gestionar la cancelaci\u00f3n y el cambio de reserva de viajes a\u00e9reos, mientras que nuestro centro de llamadas de hosteler\u00eda puede gestionar cancelaciones de reservas de hotel.<\/p><\/div><\/div>\n            <\/div><\/div>\t\t\t\t<\/div>\n\t\t\t\t<\/div>\n\t\t\t\t\t<\/div>\n\t\t<\/div>\n\t\t\t\t\t<\/div>\n\t\t<\/section>\n\t\t\t\t\t<\/div>\n\t\t<\/div>\n\t\t\t\t\t<\/div>\n\t\t<\/section>\n\t\t\t\t<section class=\"elementor-section elementor-top-section elementor-element elementor-element-61f2501 elementor-section-boxed elementor-section-height-default elementor-section-height-default\" data-id=\"61f2501\" data-element_type=\"section\" data-e-type=\"section\">\n\t\t\t\t\t\t<div class=\"elementor-container elementor-column-gap-default\">\n\t\t\t\t\t<div class=\"elementor-column elementor-col-100 elementor-top-column elementor-element elementor-element-6480bc2\" data-id=\"6480bc2\" data-element_type=\"column\" data-e-type=\"column\">\n\t\t\t<div class=\"elementor-widget-wrap elementor-element-populated\">\n\t\t\t\t\t\t<div class=\"elementor-element elementor-element-ff98e3f elementor-align-center elementor-invisible elementor-widget elementor-widget-button\" data-id=\"ff98e3f\" data-element_type=\"widget\" data-e-type=\"widget\" data-settings=\"{&quot;_animation&quot;:&quot;lightSpeedIn&quot;}\" data-widget_type=\"button.default\">\n\t\t\t\t<div class=\"elementor-widget-container\">\n\t\t\t\t\t\t\t\t\t<div class=\"elementor-button-wrapper\">\n\t\t\t\t\t<a class=\"elementor-button elementor-button-link elementor-size-sm\" href=\"https:\/\/cisolutionscorp.com\/contactenos\/\">\n\t\t\t\t\t\t<span class=\"elementor-button-content-wrapper\">\n\t\t\t\t\t\t\t\t\t<span class=\"elementor-button-text\">Cont\u00e1ctenos<\/span>\n\t\t\t\t\t<\/span>\n\t\t\t\t\t<\/a>\n\t\t\t\t<\/div>\n\t\t\t\t\t\t\t\t<\/div>\n\t\t\t\t<\/div>\n\t\t\t\t\t<\/div>\n\t\t<\/div>\n\t\t\t\t\t<\/div>\n\t\t<\/section>\n\t\t\t\t<\/div>\n\t\t","protected":false},"excerpt":{"rendered":"<p>Viaje y Turismo Desarrollo de plataforma en la nube Cuando aumenta el n\u00famero de clientes, el desarrollo de la plataforma en la nube surge como la tecnolog\u00eda para ampliar las soluciones de las empresas de viajes. Hoy en d\u00eda, es posible que no haya una empresa de viajes que no pueda beneficiarse de los servicios [&hellip;]<\/p>\n","protected":false},"author":4,"featured_media":0,"parent":0,"menu_order":0,"comment_status":"closed","ping_status":"closed","template":"","meta":{"footnotes":""},"class_list":["post-821","page","type-page","status-publish","hentry"],"_links":{"self":[{"href":"https:\/\/cisolutionscorp.com\/en\/wp-json\/wp\/v2\/pages\/821","targetHints":{"allow":["GET"]}}],"collection":[{"href":"https:\/\/cisolutionscorp.com\/en\/wp-json\/wp\/v2\/pages"}],"about":[{"href":"https:\/\/cisolutionscorp.com\/en\/wp-json\/wp\/v2\/types\/page"}],"author":[{"embeddable":true,"href":"https:\/\/cisolutionscorp.com\/en\/wp-json\/wp\/v2\/users\/4"}],"replies":[{"embeddable":true,"href":"https:\/\/cisolutionscorp.com\/en\/wp-json\/wp\/v2\/comments?post=821"}],"version-history":[{"count":34,"href":"https:\/\/cisolutionscorp.com\/en\/wp-json\/wp\/v2\/pages\/821\/revisions"}],"predecessor-version":[{"id":1578,"href":"https:\/\/cisolutionscorp.com\/en\/wp-json\/wp\/v2\/pages\/821\/revisions\/1578"}],"wp:attachment":[{"href":"https:\/\/cisolutionscorp.com\/en\/wp-json\/wp\/v2\/media?parent=821"}],"curies":[{"name":"wp","href":"https:\/\/api.w.org\/{rel}","templated":true}]}}