{"id":943,"date":"2022-09-03T01:05:47","date_gmt":"2022-09-03T01:05:47","guid":{"rendered":"https:\/\/cisolutionscorp.com\/?page_id=943"},"modified":"2022-09-05T03:37:58","modified_gmt":"2022-09-05T03:37:58","slug":"soluciones-de-tecnologia-de-la-informacion-ti","status":"publish","type":"page","link":"https:\/\/cisolutionscorp.com\/en\/soluciones-de-tecnologia-de-la-informacion-ti\/","title":{"rendered":"IT Information Technology Solutions"},"content":{"rendered":"<style>.elementor-943 .elementor-element.elementor-element-68d9efd > .elementor-container{max-width:1170px;}.elementor-943 .elementor-element.elementor-element-68d9efd:not(.elementor-motion-effects-element-type-background), .elementor-943 .elementor-element.elementor-element-68d9efd > .elementor-motion-effects-container > .elementor-motion-effects-layer{background-image:url(\"https:\/\/cisolutionscorp.com\/wp-content\/uploads\/2022\/09\/professional-executive-manager-briefing-her-collegues-explaning-company-strategy.jpg\");background-position:top center;background-repeat:no-repeat;background-size:cover;}.elementor-943 .elementor-element.elementor-element-68d9efd > .elementor-background-overlay{background-color:#000000;opacity:0.6;transition:background 0.3s, border-radius 0.3s, opacity 0.3s;}.elementor-943 .elementor-element.elementor-element-68d9efd{transition:background 0.3s, border 0.3s, border-radius 0.3s, box-shadow 0.3s;margin-top:-15px;margin-bottom:0px;padding:0300px 0px 0300px 0px;}.elementor-943 .elementor-element.elementor-element-2518fb9.elementor-column > .elementor-widget-wrap{justify-content:center;}.elementor-943 .elementor-element.elementor-element-b00ef1f{text-align:start;}.elementor-943 .elementor-element.elementor-element-b00ef1f .elementor-heading-title{font-family:var( --e-global-typography-fc10822-font-family ), Sans-serif;font-size:var( --e-global-typography-fc10822-font-size );font-weight:var( --e-global-typography-fc10822-font-weight );line-height:var( --e-global-typography-fc10822-line-height );letter-spacing:var( --e-global-typography-fc10822-letter-spacing );word-spacing:var( --e-global-typography-fc10822-word-spacing );color:var( --e-global-color-17b9b1d );}.elementor-943 .elementor-element.elementor-element-e3a9c2a > .elementor-container{max-width:1170px;}.elementor-943 .elementor-element.elementor-element-e3a9c2a > .elementor-background-overlay{opacity:0.5;transition:background 0.3s, border-radius 0.3s, opacity 0.3s;}.elementor-943 .elementor-element.elementor-element-e3a9c2a{transition:background 0.3s, border 0.3s, border-radius 0.3s, box-shadow 0.3s;padding:100px 0px 100px 0px;}.elementor-943 .elementor-element.elementor-element-f0e7722.elementor-column > .elementor-widget-wrap{justify-content:center;}.elementor-943 .elementor-element.elementor-element-f5e0fbc > .elementor-container{max-width:1170px;}.elementor-943 .elementor-element.elementor-element-f5e0fbc{margin-top:40px;margin-bottom:0px;}.elementor-943 .elementor-element.elementor-element-f4ed85e > .elementor-element-populated{margin:0px 20px 0px 0px;--e-column-margin-right:20px;--e-column-margin-left:0px;}.elementor-943 .elementor-element.elementor-element-80efa70 .jeg-elementor-kit.jkit-accordion .card-wrapper .card-header .card-header-button{font-family:var( --e-global-typography-text-font-family ), Sans-serif;font-size:var( --e-global-typography-text-font-size );font-weight:var( --e-global-typography-text-font-weight );line-height:var( --e-global-typography-text-line-height );padding:25px 40px 25px 40px;margin-bottom:25px;}.elementor-943 .elementor-element.elementor-element-80efa70 .jeg-elementor-kit.jkit-accordion .card-wrapper.expand .card-header .card-header-button{color:#FFFFFF;box-shadow:0px 0px 0px 0px rgba(0, 0, 0, 0);}.elementor-943 .elementor-element.elementor-element-80efa70 .jeg-elementor-kit.jkit-accordion .card-wrapper.expand .card-header:not(.background-gradient) .card-header-button, .elementor-943 .elementor-element.elementor-element-80efa70 .jeg-elementor-kit.jkit-accordion .card-wrapper .card-header.background-gradient:after{background-color:var( --e-global-color-secondary );}.elementor-943 .elementor-element.elementor-element-80efa70 .jeg-elementor-kit.jkit-accordion .card-wrapper.expand .card-header .card-header-button, .elementor-943 .elementor-element.elementor-element-80efa70 .jeg-elementor-kit.jkit-accordion .card-wrapper .card-header.background-gradient::after{border-radius:0px 0px 0px 0px;}.elementor-943 .elementor-element.elementor-element-80efa70 .jeg-elementor-kit.jkit-accordion .card-wrapper:not(.expand) .card-header .card-header-button{color:var( --e-global-color-primary );box-shadow:0px 0px 0px 0px rgba(0, 0, 0, 0.1);}.elementor-943 .elementor-element.elementor-element-80efa70 .jeg-elementor-kit.jkit-accordion .card-wrapper:not(.expand) .card-header .card-header-button, .elementor-943 .elementor-element.elementor-element-80efa70 .jeg-elementor-kit.jkit-accordion .card-wrapper .card-header.background-gradient::before{border-radius:5px 5px 5px 5px;}.elementor-943 .elementor-element.elementor-element-80efa70 .jeg-elementor-kit.jkit-accordion .card-expand .card-body{color:var( --e-global-color-text );font-family:var( --e-global-typography-text-font-family ), Sans-serif;font-size:var( --e-global-typography-text-font-size );font-weight:var( --e-global-typography-text-font-weight );line-height:var( --e-global-typography-text-line-height );padding:10px 40px 40px 40px;}.elementor-943 .elementor-element.elementor-element-80efa70 .jeg-elementor-kit.jkit-accordion .card-wrapper{border-radius:0px 0px 0px 0px;box-shadow:0px 3px 15px 0px rgba(0, 0, 0, 0.1);}.elementor-943 .elementor-element.elementor-element-80efa70 .jeg-elementor-kit.jkit-accordion .card-wrapper .card-header .card-header-button [class*=\"icon-group\"] .active-icon{color:#FFFFFF;}.elementor-943 .elementor-element.elementor-element-80efa70 .jeg-elementor-kit.jkit-accordion .card-wrapper .card-header .card-header-button [class*=\"icon-group\"] .active-icon svg{fill:#FFFFFF;}.elementor-943 .elementor-element.elementor-element-80efa70 .jeg-elementor-kit.jkit-accordion .card-wrapper .card-header .card-header-button [class*=\"icon-group\"] .normal-icon{color:var( --e-global-color-secondary );}.elementor-943 .elementor-element.elementor-element-80efa70 .jeg-elementor-kit.jkit-accordion .card-wrapper .card-header .card-header-button [class*=\"icon-group\"] .normal-icon svg{fill:var( --e-global-color-secondary );}.elementor-943 .elementor-element.elementor-element-d437cb4 > .elementor-element-populated{margin:0px 0px 0px 20px;--e-column-margin-right:0px;--e-column-margin-left:20px;}.elementor-943 .elementor-element.elementor-element-b641b3c .jeg-elementor-kit.jkit-accordion .card-wrapper .card-header .card-header-button{font-family:var( --e-global-typography-text-font-family ), Sans-serif;font-size:var( --e-global-typography-text-font-size );font-weight:var( --e-global-typography-text-font-weight );line-height:var( --e-global-typography-text-line-height );padding:25px 40px 25px 40px;margin-bottom:25px;}.elementor-943 .elementor-element.elementor-element-b641b3c .jeg-elementor-kit.jkit-accordion .card-wrapper.expand .card-header .card-header-button{color:#FFFFFF;box-shadow:0px 0px 0px 0px rgba(0, 0, 0, 0);}.elementor-943 .elementor-element.elementor-element-b641b3c .jeg-elementor-kit.jkit-accordion .card-wrapper.expand .card-header:not(.background-gradient) .card-header-button, .elementor-943 .elementor-element.elementor-element-b641b3c .jeg-elementor-kit.jkit-accordion .card-wrapper .card-header.background-gradient:after{background-color:var( --e-global-color-secondary );}.elementor-943 .elementor-element.elementor-element-b641b3c .jeg-elementor-kit.jkit-accordion .card-wrapper.expand .card-header .card-header-button, .elementor-943 .elementor-element.elementor-element-b641b3c .jeg-elementor-kit.jkit-accordion .card-wrapper .card-header.background-gradient::after{border-radius:0px 0px 0px 0px;}.elementor-943 .elementor-element.elementor-element-b641b3c .jeg-elementor-kit.jkit-accordion .card-wrapper:not(.expand) .card-header .card-header-button{color:var( --e-global-color-primary );box-shadow:0px 0px 0px 0px rgba(0, 0, 0, 0.1);}.elementor-943 .elementor-element.elementor-element-b641b3c .jeg-elementor-kit.jkit-accordion .card-wrapper:not(.expand) .card-header .card-header-button, .elementor-943 .elementor-element.elementor-element-b641b3c .jeg-elementor-kit.jkit-accordion .card-wrapper .card-header.background-gradient::before{border-radius:5px 5px 5px 5px;}.elementor-943 .elementor-element.elementor-element-b641b3c .jeg-elementor-kit.jkit-accordion .card-expand .card-body{color:var( --e-global-color-text );font-family:var( --e-global-typography-text-font-family ), Sans-serif;font-size:var( --e-global-typography-text-font-size );font-weight:var( --e-global-typography-text-font-weight );line-height:var( --e-global-typography-text-line-height );padding:10px 40px 40px 40px;}.elementor-943 .elementor-element.elementor-element-b641b3c .jeg-elementor-kit.jkit-accordion .card-wrapper{border-radius:0px 0px 0px 0px;box-shadow:0px 3px 15px 0px rgba(0, 0, 0, 0.1);}.elementor-943 .elementor-element.elementor-element-b641b3c .jeg-elementor-kit.jkit-accordion .card-wrapper .card-header .card-header-button [class*=\"icon-group\"] .active-icon{color:#FFFFFF;}.elementor-943 .elementor-element.elementor-element-b641b3c .jeg-elementor-kit.jkit-accordion .card-wrapper .card-header .card-header-button [class*=\"icon-group\"] .active-icon svg{fill:#FFFFFF;}.elementor-943 .elementor-element.elementor-element-b641b3c .jeg-elementor-kit.jkit-accordion .card-wrapper .card-header .card-header-button [class*=\"icon-group\"] .normal-icon{color:var( --e-global-color-secondary );}.elementor-943 .elementor-element.elementor-element-b641b3c .jeg-elementor-kit.jkit-accordion .card-wrapper .card-header .card-header-button [class*=\"icon-group\"] .normal-icon svg{fill:var( --e-global-color-secondary );}.elementor-943 .elementor-element.elementor-element-f6fe590{margin-top:0px;margin-bottom:0px;padding:0px 0px 100px 0px;}:root{--page-title-display:none;}@media(max-width:1024px){.elementor-943 .elementor-element.elementor-element-68d9efd{padding:100px 10px 100px 10px;}.elementor-943 .elementor-element.elementor-element-b00ef1f .elementor-heading-title{font-size:var( --e-global-typography-fc10822-font-size );line-height:var( --e-global-typography-fc10822-line-height );letter-spacing:var( --e-global-typography-fc10822-letter-spacing );word-spacing:var( --e-global-typography-fc10822-word-spacing );}.elementor-943 .elementor-element.elementor-element-e3a9c2a{margin-top:-102px;margin-bottom:0px;padding:180px 10px 80px 10px;}.elementor-943 .elementor-element.elementor-element-80efa70 .jeg-elementor-kit.jkit-accordion .card-wrapper .card-header .card-header-button{font-size:var( --e-global-typography-text-font-size );line-height:var( --e-global-typography-text-line-height );}.elementor-943 .elementor-element.elementor-element-80efa70 .jeg-elementor-kit.jkit-accordion .card-expand .card-body{font-size:var( --e-global-typography-text-font-size );line-height:var( --e-global-typography-text-line-height );}.elementor-943 .elementor-element.elementor-element-b641b3c .jeg-elementor-kit.jkit-accordion .card-wrapper .card-header .card-header-button{font-size:var( --e-global-typography-text-font-size );line-height:var( --e-global-typography-text-line-height );}.elementor-943 .elementor-element.elementor-element-b641b3c .jeg-elementor-kit.jkit-accordion .card-expand .card-body{font-size:var( --e-global-typography-text-font-size );line-height:var( --e-global-typography-text-line-height );}}@media(max-width:767px){.elementor-943 .elementor-element.elementor-element-68d9efd{padding:60px 10px 60px 10px;}.elementor-943 .elementor-element.elementor-element-b00ef1f .elementor-heading-title{font-size:var( --e-global-typography-fc10822-font-size );line-height:var( --e-global-typography-fc10822-line-height );letter-spacing:var( --e-global-typography-fc10822-letter-spacing );word-spacing:var( --e-global-typography-fc10822-word-spacing );}.elementor-943 .elementor-element.elementor-element-e3a9c2a{padding:140px 10px 40px 10px;}.elementor-943 .elementor-element.elementor-element-f4ed85e > .elementor-element-populated{margin:0px 0px 0px 0px;--e-column-margin-right:0px;--e-column-margin-left:0px;}.elementor-943 .elementor-element.elementor-element-80efa70 .jeg-elementor-kit.jkit-accordion .card-wrapper .card-header .card-header-button{font-size:var( --e-global-typography-text-font-size );line-height:var( --e-global-typography-text-line-height );}.elementor-943 .elementor-element.elementor-element-80efa70 .jeg-elementor-kit.jkit-accordion .card-expand .card-body{font-size:var( --e-global-typography-text-font-size );line-height:var( --e-global-typography-text-line-height );}.elementor-943 .elementor-element.elementor-element-d437cb4 > .elementor-element-populated{margin:20px 0px 0px 0px;--e-column-margin-right:0px;--e-column-margin-left:0px;}.elementor-943 .elementor-element.elementor-element-b641b3c .jeg-elementor-kit.jkit-accordion .card-wrapper .card-header .card-header-button{font-size:var( --e-global-typography-text-font-size );line-height:var( --e-global-typography-text-line-height );}.elementor-943 .elementor-element.elementor-element-b641b3c .jeg-elementor-kit.jkit-accordion .card-expand .card-body{font-size:var( --e-global-typography-text-font-size );line-height:var( --e-global-typography-text-line-height );}}<\/style>\t\t<div data-elementor-type=\"wp-page\" data-elementor-id=\"943\" class=\"elementor elementor-943\" data-elementor-post-type=\"page\">\n\t\t\t\t\t\t<section class=\"elementor-section elementor-top-section elementor-element elementor-element-68d9efd elementor-section-boxed elementor-section-height-default elementor-section-height-default\" data-id=\"68d9efd\" data-element_type=\"section\" data-e-type=\"section\" data-settings=\"{&quot;background_background&quot;:&quot;classic&quot;}\">\n\t\t\t\t\t\t\t<div class=\"elementor-background-overlay\"><\/div>\n\t\t\t\t\t\t\t<div class=\"elementor-container elementor-column-gap-default\">\n\t\t\t\t\t<div class=\"elementor-column elementor-col-100 elementor-top-column elementor-element elementor-element-2518fb9\" data-id=\"2518fb9\" data-element_type=\"column\" data-e-type=\"column\">\n\t\t\t<div class=\"elementor-widget-wrap elementor-element-populated\">\n\t\t\t\t\t\t<div class=\"elementor-element elementor-element-b00ef1f elementor-widget elementor-widget-heading\" data-id=\"b00ef1f\" data-element_type=\"widget\" data-e-type=\"widget\" data-widget_type=\"heading.default\">\n\t\t\t\t<div class=\"elementor-widget-container\">\n\t\t\t\t\t<h1 class=\"elementor-heading-title elementor-size-default\">Soluciones de Tecnolog\u00eda de la Informaci\u00f3n TI<\/h1>\t\t\t\t<\/div>\n\t\t\t\t<\/div>\n\t\t\t\t\t<\/div>\n\t\t<\/div>\n\t\t\t\t\t<\/div>\n\t\t<\/section>\n\t\t\t\t<section class=\"elementor-section elementor-top-section elementor-element elementor-element-e3a9c2a elementor-section-boxed elementor-section-height-default elementor-section-height-default\" data-id=\"e3a9c2a\" data-element_type=\"section\" data-e-type=\"section\" data-settings=\"{&quot;background_background&quot;:&quot;classic&quot;}\">\n\t\t\t\t\t\t\t<div class=\"elementor-background-overlay\"><\/div>\n\t\t\t\t\t\t\t<div class=\"elementor-container elementor-column-gap-default\">\n\t\t\t\t\t<div class=\"elementor-column elementor-col-100 elementor-top-column elementor-element elementor-element-f0e7722\" data-id=\"f0e7722\" data-element_type=\"column\" data-e-type=\"column\">\n\t\t\t<div class=\"elementor-widget-wrap elementor-element-populated\">\n\t\t\t\t\t\t<section class=\"elementor-section elementor-inner-section elementor-element elementor-element-f5e0fbc elementor-section-boxed elementor-section-height-default elementor-section-height-default\" data-id=\"f5e0fbc\" data-element_type=\"section\" data-e-type=\"section\">\n\t\t\t\t\t\t<div class=\"elementor-container elementor-column-gap-no\">\n\t\t\t\t\t<div class=\"elementor-column elementor-col-50 elementor-inner-column elementor-element elementor-element-f4ed85e\" data-id=\"f4ed85e\" data-element_type=\"column\" data-e-type=\"column\">\n\t\t\t<div class=\"elementor-widget-wrap elementor-element-populated\">\n\t\t\t\t\t\t<div class=\"elementor-element elementor-element-80efa70 elementor-widget elementor-widget-jkit_accordion\" data-id=\"80efa70\" data-element_type=\"widget\" data-e-type=\"widget\" data-widget_type=\"jkit_accordion.default\">\n\t\t\t\t<div class=\"elementor-widget-container\">\n\t\t\t\t\t<div  class=\"jeg-elementor-kit jkit-accordion style-shadow jeg_module___69e0f6fa6ab7c\" ><div class=\"card-wrapper \">\n                <div class=\"card-header\">\n                    <a href=\"#expand-8fab880\" class=\"card-header-button\" aria-expanded=\"false\" data-target=\"#expand-8fab880\" aria-controls=\"expand-8fab880\">\n                        <span class=\"title\">Soporte Tecnol\u00f3gico<\/span><div class=\"right-icon-group\">\n                <div class=\"normal-icon\"><i aria-hidden=\"true\" class=\"fas fa-chevron-down\"><\/i><\/div>\n                <div class=\"active-icon\"><i aria-hidden=\"true\" class=\"fas fa-chevron-up\"><\/i><\/div>\n            <\/div>\n                    <\/a>\n                <\/div>\n                <div class=\"card-expand\" id=\"expand-8fab880\" style=\"display:none\"><div class=\"card-body\"><p>Proporcionamos servicios de mesa de ayuda de TI L0, L1, L2 y L3 a proveedores de servicios de TI, resolviendo dificultades t\u00e9cnicas simples a complicadas para sus clientes.<\/p><\/div><\/div>\n            <\/div><div class=\"card-wrapper \">\n                <div class=\"card-header\">\n                    <a href=\"#expand-c8565b5\" class=\"card-header-button\" aria-expanded=\"false\" data-target=\"#expand-c8565b5\" aria-controls=\"expand-c8565b5\">\n                        <span class=\"title\">Atenci\u00f3n al cliente<\/span><div class=\"right-icon-group\">\n                <div class=\"normal-icon\"><i aria-hidden=\"true\" class=\"fas fa-chevron-down\"><\/i><\/div>\n                <div class=\"active-icon\"><i aria-hidden=\"true\" class=\"fas fa-chevron-up\"><\/i><\/div>\n            <\/div>\n                    <\/a>\n                <\/div>\n                <div class=\"card-expand\" id=\"expand-c8565b5\" style=\"display:none\"><div class=\"card-body\"><p>Brindamos servicios de subcontrataci\u00f3n de TI a sus clientes en m\u00e1s de 40 idiomas por tel\u00e9fono, chat, correo electr\u00f3nico y texto, mejorando la experiencia del cliente en su totalidad.<\/p><\/div><\/div>\n            <\/div><\/div>\t\t\t\t<\/div>\n\t\t\t\t<\/div>\n\t\t\t\t\t<\/div>\n\t\t<\/div>\n\t\t\t\t<div class=\"elementor-column elementor-col-50 elementor-inner-column elementor-element elementor-element-d437cb4\" data-id=\"d437cb4\" data-element_type=\"column\" data-e-type=\"column\">\n\t\t\t<div class=\"elementor-widget-wrap elementor-element-populated\">\n\t\t\t\t\t\t<div class=\"elementor-element elementor-element-b641b3c elementor-widget elementor-widget-jkit_accordion\" data-id=\"b641b3c\" data-element_type=\"widget\" data-e-type=\"widget\" data-widget_type=\"jkit_accordion.default\">\n\t\t\t\t<div class=\"elementor-widget-container\">\n\t\t\t\t\t<div  class=\"jeg-elementor-kit jkit-accordion style-shadow jeg_module__1_69e0f6fa6c8f0\" ><div class=\"card-wrapper \">\n                <div class=\"card-header\">\n                    <a href=\"#expand-8fab880\" class=\"card-header-button\" aria-expanded=\"false\" data-target=\"#expand-8fab880\" aria-controls=\"expand-8fab880\">\n                        <span class=\"title\">Manejo de quejas<\/span><div class=\"right-icon-group\">\n                <div class=\"normal-icon\"><i aria-hidden=\"true\" class=\"fas fa-chevron-down\"><\/i><\/div>\n                <div class=\"active-icon\"><i aria-hidden=\"true\" class=\"fas fa-chevron-up\"><\/i><\/div>\n            <\/div>\n                    <\/a>\n                <\/div>\n                <div class=\"card-expand\" id=\"expand-8fab880\" style=\"display:none\"><div class=\"card-body\"><p>Brindamos servicios de gesti\u00f3n de quejas, donde los consumidores pueden presentar sus quejas y trabajaremos con ellos para encontrar una resoluci\u00f3n r\u00e1pida.<\/p><\/div><\/div>\n            <\/div><div class=\"card-wrapper \">\n                <div class=\"card-header\">\n                    <a href=\"#expand-c8565b5\" class=\"card-header-button\" aria-expanded=\"false\" data-target=\"#expand-c8565b5\" aria-controls=\"expand-c8565b5\">\n                        <span class=\"title\">Respuesta de TI<\/span><div class=\"right-icon-group\">\n                <div class=\"normal-icon\"><i aria-hidden=\"true\" class=\"fas fa-chevron-down\"><\/i><\/div>\n                <div class=\"active-icon\"><i aria-hidden=\"true\" class=\"fas fa-chevron-up\"><\/i><\/div>\n            <\/div>\n                    <\/a>\n                <\/div>\n                <div class=\"card-expand\" id=\"expand-c8565b5\" style=\"display:none\"><div class=\"card-body\"><p>Como parte de nuestros servicios de externalizaci\u00f3n de TI, respondemos a numerosas consultas de los consumidores sobre sus servicios a trav\u00e9s de los m\u00e9todos de contacto preferidos de sus clientes.<\/p><\/div><\/div>\n            <\/div><\/div>\t\t\t\t<\/div>\n\t\t\t\t<\/div>\n\t\t\t\t\t<\/div>\n\t\t<\/div>\n\t\t\t\t\t<\/div>\n\t\t<\/section>\n\t\t\t\t\t<\/div>\n\t\t<\/div>\n\t\t\t\t\t<\/div>\n\t\t<\/section>\n\t\t\t\t<section class=\"elementor-section elementor-top-section elementor-element elementor-element-f6fe590 elementor-section-boxed elementor-section-height-default elementor-section-height-default\" data-id=\"f6fe590\" data-element_type=\"section\" data-e-type=\"section\">\n\t\t\t\t\t\t<div class=\"elementor-container elementor-column-gap-default\">\n\t\t\t\t\t<div class=\"elementor-column elementor-col-100 elementor-top-column elementor-element elementor-element-f0908b8\" data-id=\"f0908b8\" data-element_type=\"column\" data-e-type=\"column\">\n\t\t\t<div class=\"elementor-widget-wrap elementor-element-populated\">\n\t\t\t\t\t\t<div class=\"elementor-element elementor-element-a8e5795 elementor-align-center elementor-invisible elementor-widget elementor-widget-button\" data-id=\"a8e5795\" data-element_type=\"widget\" data-e-type=\"widget\" data-settings=\"{&quot;_animation&quot;:&quot;lightSpeedIn&quot;}\" data-widget_type=\"button.default\">\n\t\t\t\t<div class=\"elementor-widget-container\">\n\t\t\t\t\t\t\t\t\t<div class=\"elementor-button-wrapper\">\n\t\t\t\t\t<a class=\"elementor-button elementor-button-link elementor-size-sm\" href=\"https:\/\/cisolutionscorp.com\/contactenos\/\">\n\t\t\t\t\t\t<span class=\"elementor-button-content-wrapper\">\n\t\t\t\t\t\t\t\t\t<span class=\"elementor-button-text\">Cont\u00e1ctenos<\/span>\n\t\t\t\t\t<\/span>\n\t\t\t\t\t<\/a>\n\t\t\t\t<\/div>\n\t\t\t\t\t\t\t\t<\/div>\n\t\t\t\t<\/div>\n\t\t\t\t\t<\/div>\n\t\t<\/div>\n\t\t\t\t\t<\/div>\n\t\t<\/section>\n\t\t\t\t<\/div>\n\t\t","protected":false},"excerpt":{"rendered":"<p>Soluciones de Tecnolog\u00eda de la Informaci\u00f3n TI Soporte Tecnol\u00f3gico Proporcionamos servicios de mesa de ayuda de TI L0, L1, L2 y L3 a proveedores de servicios de TI, resolviendo dificultades t\u00e9cnicas simples a complicadas para sus clientes. Atenci\u00f3n al cliente Brindamos servicios de subcontrataci\u00f3n de TI a sus clientes en m\u00e1s de 40 idiomas por [&hellip;]<\/p>\n","protected":false},"author":4,"featured_media":0,"parent":0,"menu_order":0,"comment_status":"closed","ping_status":"closed","template":"","meta":{"footnotes":""},"class_list":["post-943","page","type-page","status-publish","hentry"],"_links":{"self":[{"href":"https:\/\/cisolutionscorp.com\/en\/wp-json\/wp\/v2\/pages\/943","targetHints":{"allow":["GET"]}}],"collection":[{"href":"https:\/\/cisolutionscorp.com\/en\/wp-json\/wp\/v2\/pages"}],"about":[{"href":"https:\/\/cisolutionscorp.com\/en\/wp-json\/wp\/v2\/types\/page"}],"author":[{"embeddable":true,"href":"https:\/\/cisolutionscorp.com\/en\/wp-json\/wp\/v2\/users\/4"}],"replies":[{"embeddable":true,"href":"https:\/\/cisolutionscorp.com\/en\/wp-json\/wp\/v2\/comments?post=943"}],"version-history":[{"count":31,"href":"https:\/\/cisolutionscorp.com\/en\/wp-json\/wp\/v2\/pages\/943\/revisions"}],"predecessor-version":[{"id":1605,"href":"https:\/\/cisolutionscorp.com\/en\/wp-json\/wp\/v2\/pages\/943\/revisions\/1605"}],"wp:attachment":[{"href":"https:\/\/cisolutionscorp.com\/en\/wp-json\/wp\/v2\/media?parent=943"}],"curies":[{"name":"wp","href":"https:\/\/api.w.org\/{rel}","templated":true}]}}