{"id":969,"date":"2022-09-03T17:28:07","date_gmt":"2022-09-03T17:28:07","guid":{"rendered":"https:\/\/cisolutionscorp.com\/?page_id=969"},"modified":"2022-09-05T03:38:45","modified_gmt":"2022-09-05T03:38:45","slug":"servicios-al-cliente-ti","status":"publish","type":"page","link":"https:\/\/cisolutionscorp.com\/en\/servicios-al-cliente-ti\/","title":{"rendered":"IT Customer Services"},"content":{"rendered":"<style>.elementor-969 .elementor-element.elementor-element-ffeadd0 > .elementor-container{max-width:1170px;}.elementor-969 .elementor-element.elementor-element-ffeadd0:not(.elementor-motion-effects-element-type-background), .elementor-969 .elementor-element.elementor-element-ffeadd0 > .elementor-motion-effects-container > .elementor-motion-effects-layer{background-image:url(\"https:\/\/cisolutionscorp.com\/wp-content\/uploads\/2022\/09\/businesswoman-working-on-laptop-in-meeting.jpg\");background-position:center center;background-repeat:no-repeat;background-size:cover;}.elementor-969 .elementor-element.elementor-element-ffeadd0 > .elementor-background-overlay{background-color:#000000;opacity:0.6;transition:background 0.3s, border-radius 0.3s, opacity 0.3s;}.elementor-969 .elementor-element.elementor-element-ffeadd0{transition:background 0.3s, border 0.3s, border-radius 0.3s, box-shadow 0.3s;margin-top:-15px;margin-bottom:0px;padding:0300px 0px 0300px 0px;}.elementor-969 .elementor-element.elementor-element-bcd94e6.elementor-column > .elementor-widget-wrap{justify-content:center;}.elementor-969 .elementor-element.elementor-element-6bbea45{text-align:start;}.elementor-969 .elementor-element.elementor-element-6bbea45 .elementor-heading-title{font-family:var( --e-global-typography-fc10822-font-family ), Sans-serif;font-size:var( --e-global-typography-fc10822-font-size );font-weight:var( --e-global-typography-fc10822-font-weight );line-height:var( --e-global-typography-fc10822-line-height );letter-spacing:var( --e-global-typography-fc10822-letter-spacing );word-spacing:var( --e-global-typography-fc10822-word-spacing );color:var( --e-global-color-17b9b1d );}.elementor-969 .elementor-element.elementor-element-56cf6bf > .elementor-container{max-width:1170px;}.elementor-969 .elementor-element.elementor-element-56cf6bf > .elementor-background-overlay{opacity:0.5;transition:background 0.3s, border-radius 0.3s, opacity 0.3s;}.elementor-969 .elementor-element.elementor-element-56cf6bf{transition:background 0.3s, border 0.3s, border-radius 0.3s, box-shadow 0.3s;padding:100px 0px 100px 0px;}.elementor-969 .elementor-element.elementor-element-4e28b5b.elementor-column > .elementor-widget-wrap{justify-content:center;}.elementor-969 .elementor-element.elementor-element-85ee813 > .elementor-container{max-width:1170px;}.elementor-969 .elementor-element.elementor-element-85ee813{margin-top:40px;margin-bottom:0px;}.elementor-969 .elementor-element.elementor-element-4e3f0d0 > .elementor-element-populated{margin:0px 20px 0px 0px;--e-column-margin-right:20px;--e-column-margin-left:0px;}.elementor-969 .elementor-element.elementor-element-0045759 .jeg-elementor-kit.jkit-accordion .card-wrapper .card-header .card-header-button{font-family:var( --e-global-typography-text-font-family ), Sans-serif;font-size:var( --e-global-typography-text-font-size );font-weight:var( --e-global-typography-text-font-weight );line-height:var( --e-global-typography-text-line-height );padding:25px 40px 25px 40px;margin-bottom:25px;}.elementor-969 .elementor-element.elementor-element-0045759 .jeg-elementor-kit.jkit-accordion .card-wrapper.expand .card-header .card-header-button{color:#FFFFFF;box-shadow:0px 0px 0px 0px rgba(0, 0, 0, 0);}.elementor-969 .elementor-element.elementor-element-0045759 .jeg-elementor-kit.jkit-accordion .card-wrapper.expand .card-header:not(.background-gradient) .card-header-button, .elementor-969 .elementor-element.elementor-element-0045759 .jeg-elementor-kit.jkit-accordion .card-wrapper .card-header.background-gradient:after{background-color:var( --e-global-color-secondary );}.elementor-969 .elementor-element.elementor-element-0045759 .jeg-elementor-kit.jkit-accordion .card-wrapper.expand .card-header .card-header-button, .elementor-969 .elementor-element.elementor-element-0045759 .jeg-elementor-kit.jkit-accordion .card-wrapper .card-header.background-gradient::after{border-radius:0px 0px 0px 0px;}.elementor-969 .elementor-element.elementor-element-0045759 .jeg-elementor-kit.jkit-accordion .card-wrapper:not(.expand) .card-header .card-header-button{color:var( --e-global-color-primary );box-shadow:0px 0px 0px 0px rgba(0, 0, 0, 0.1);}.elementor-969 .elementor-element.elementor-element-0045759 .jeg-elementor-kit.jkit-accordion .card-wrapper:not(.expand) .card-header .card-header-button, .elementor-969 .elementor-element.elementor-element-0045759 .jeg-elementor-kit.jkit-accordion .card-wrapper .card-header.background-gradient::before{border-radius:5px 5px 5px 5px;}.elementor-969 .elementor-element.elementor-element-0045759 .jeg-elementor-kit.jkit-accordion .card-expand .card-body{color:var( --e-global-color-text );font-family:var( --e-global-typography-text-font-family ), Sans-serif;font-size:var( --e-global-typography-text-font-size );font-weight:var( --e-global-typography-text-font-weight );line-height:var( --e-global-typography-text-line-height );padding:10px 40px 40px 40px;}.elementor-969 .elementor-element.elementor-element-0045759 .jeg-elementor-kit.jkit-accordion .card-wrapper{border-radius:0px 0px 0px 0px;box-shadow:0px 3px 15px 0px rgba(0, 0, 0, 0.1);}.elementor-969 .elementor-element.elementor-element-0045759 .jeg-elementor-kit.jkit-accordion .card-wrapper .card-header .card-header-button [class*=\"icon-group\"] .active-icon{color:#FFFFFF;}.elementor-969 .elementor-element.elementor-element-0045759 .jeg-elementor-kit.jkit-accordion .card-wrapper .card-header .card-header-button [class*=\"icon-group\"] .active-icon svg{fill:#FFFFFF;}.elementor-969 .elementor-element.elementor-element-0045759 .jeg-elementor-kit.jkit-accordion .card-wrapper .card-header .card-header-button [class*=\"icon-group\"] .normal-icon{color:var( --e-global-color-secondary );}.elementor-969 .elementor-element.elementor-element-0045759 .jeg-elementor-kit.jkit-accordion .card-wrapper .card-header .card-header-button [class*=\"icon-group\"] .normal-icon svg{fill:var( --e-global-color-secondary );}.elementor-969 .elementor-element.elementor-element-f02d197 > .elementor-element-populated{margin:0px 0px 0px 20px;--e-column-margin-right:0px;--e-column-margin-left:20px;}.elementor-969 .elementor-element.elementor-element-26cd15a .jeg-elementor-kit.jkit-accordion .card-wrapper .card-header .card-header-button{font-family:var( --e-global-typography-text-font-family ), Sans-serif;font-size:var( --e-global-typography-text-font-size );font-weight:var( --e-global-typography-text-font-weight );line-height:var( --e-global-typography-text-line-height );padding:25px 40px 25px 40px;margin-bottom:25px;}.elementor-969 .elementor-element.elementor-element-26cd15a .jeg-elementor-kit.jkit-accordion .card-wrapper.expand .card-header .card-header-button{color:#FFFFFF;box-shadow:0px 0px 0px 0px rgba(0, 0, 0, 0);}.elementor-969 .elementor-element.elementor-element-26cd15a .jeg-elementor-kit.jkit-accordion .card-wrapper.expand .card-header:not(.background-gradient) .card-header-button, .elementor-969 .elementor-element.elementor-element-26cd15a .jeg-elementor-kit.jkit-accordion .card-wrapper .card-header.background-gradient:after{background-color:var( --e-global-color-secondary );}.elementor-969 .elementor-element.elementor-element-26cd15a .jeg-elementor-kit.jkit-accordion .card-wrapper.expand .card-header .card-header-button, .elementor-969 .elementor-element.elementor-element-26cd15a .jeg-elementor-kit.jkit-accordion .card-wrapper .card-header.background-gradient::after{border-radius:0px 0px 0px 0px;}.elementor-969 .elementor-element.elementor-element-26cd15a .jeg-elementor-kit.jkit-accordion .card-wrapper:not(.expand) .card-header .card-header-button{color:var( --e-global-color-primary );box-shadow:0px 0px 0px 0px rgba(0, 0, 0, 0.1);}.elementor-969 .elementor-element.elementor-element-26cd15a .jeg-elementor-kit.jkit-accordion .card-wrapper:not(.expand) .card-header .card-header-button, .elementor-969 .elementor-element.elementor-element-26cd15a .jeg-elementor-kit.jkit-accordion .card-wrapper .card-header.background-gradient::before{border-radius:5px 5px 5px 5px;}.elementor-969 .elementor-element.elementor-element-26cd15a .jeg-elementor-kit.jkit-accordion .card-expand .card-body{color:var( --e-global-color-text );font-family:var( --e-global-typography-text-font-family ), Sans-serif;font-size:var( --e-global-typography-text-font-size );font-weight:var( --e-global-typography-text-font-weight );line-height:var( --e-global-typography-text-line-height );padding:10px 40px 40px 40px;}.elementor-969 .elementor-element.elementor-element-26cd15a .jeg-elementor-kit.jkit-accordion .card-wrapper{border-radius:0px 0px 0px 0px;box-shadow:0px 3px 15px 0px rgba(0, 0, 0, 0.1);}.elementor-969 .elementor-element.elementor-element-26cd15a .jeg-elementor-kit.jkit-accordion .card-wrapper .card-header .card-header-button [class*=\"icon-group\"] .active-icon{color:#FFFFFF;}.elementor-969 .elementor-element.elementor-element-26cd15a .jeg-elementor-kit.jkit-accordion .card-wrapper .card-header .card-header-button [class*=\"icon-group\"] .active-icon svg{fill:#FFFFFF;}.elementor-969 .elementor-element.elementor-element-26cd15a .jeg-elementor-kit.jkit-accordion .card-wrapper .card-header .card-header-button [class*=\"icon-group\"] .normal-icon{color:var( --e-global-color-secondary );}.elementor-969 .elementor-element.elementor-element-26cd15a .jeg-elementor-kit.jkit-accordion .card-wrapper .card-header .card-header-button [class*=\"icon-group\"] .normal-icon svg{fill:var( --e-global-color-secondary );}.elementor-969 .elementor-element.elementor-element-7295cd9{margin-top:0px;margin-bottom:0px;padding:0px 0px 100px 0px;}:root{--page-title-display:none;}@media(max-width:1024px){.elementor-969 .elementor-element.elementor-element-ffeadd0{padding:100px 10px 100px 10px;}.elementor-969 .elementor-element.elementor-element-6bbea45 .elementor-heading-title{font-size:var( --e-global-typography-fc10822-font-size );line-height:var( --e-global-typography-fc10822-line-height );letter-spacing:var( --e-global-typography-fc10822-letter-spacing );word-spacing:var( --e-global-typography-fc10822-word-spacing );}.elementor-969 .elementor-element.elementor-element-56cf6bf{padding:180px 10px 80px 10px;}.elementor-969 .elementor-element.elementor-element-85ee813{margin-top:-70px;margin-bottom:0px;padding:0px 0px 0px 0px;}.elementor-969 .elementor-element.elementor-element-0045759 .jeg-elementor-kit.jkit-accordion .card-wrapper .card-header .card-header-button{font-size:var( --e-global-typography-text-font-size );line-height:var( --e-global-typography-text-line-height );}.elementor-969 .elementor-element.elementor-element-0045759 .jeg-elementor-kit.jkit-accordion .card-expand .card-body{font-size:var( --e-global-typography-text-font-size );line-height:var( --e-global-typography-text-line-height );}.elementor-969 .elementor-element.elementor-element-26cd15a .jeg-elementor-kit.jkit-accordion .card-wrapper .card-header .card-header-button{font-size:var( --e-global-typography-text-font-size );line-height:var( --e-global-typography-text-line-height );}.elementor-969 .elementor-element.elementor-element-26cd15a .jeg-elementor-kit.jkit-accordion .card-expand .card-body{font-size:var( --e-global-typography-text-font-size );line-height:var( --e-global-typography-text-line-height );}}@media(max-width:767px){.elementor-969 .elementor-element.elementor-element-ffeadd0{padding:60px 10px 60px 10px;}.elementor-969 .elementor-element.elementor-element-6bbea45 .elementor-heading-title{font-size:var( --e-global-typography-fc10822-font-size );line-height:var( --e-global-typography-fc10822-line-height );letter-spacing:var( --e-global-typography-fc10822-letter-spacing );word-spacing:var( --e-global-typography-fc10822-word-spacing );}.elementor-969 .elementor-element.elementor-element-56cf6bf{padding:140px 10px 40px 10px;}.elementor-969 .elementor-element.elementor-element-4e3f0d0 > .elementor-element-populated{margin:0px 0px 0px 0px;--e-column-margin-right:0px;--e-column-margin-left:0px;}.elementor-969 .elementor-element.elementor-element-0045759 .jeg-elementor-kit.jkit-accordion .card-wrapper .card-header .card-header-button{font-size:var( --e-global-typography-text-font-size );line-height:var( --e-global-typography-text-line-height );}.elementor-969 .elementor-element.elementor-element-0045759 .jeg-elementor-kit.jkit-accordion .card-expand .card-body{font-size:var( --e-global-typography-text-font-size );line-height:var( --e-global-typography-text-line-height );}.elementor-969 .elementor-element.elementor-element-f02d197 > .elementor-element-populated{margin:20px 0px 0px 0px;--e-column-margin-right:0px;--e-column-margin-left:0px;}.elementor-969 .elementor-element.elementor-element-26cd15a .jeg-elementor-kit.jkit-accordion .card-wrapper .card-header .card-header-button{font-size:var( --e-global-typography-text-font-size );line-height:var( --e-global-typography-text-line-height );}.elementor-969 .elementor-element.elementor-element-26cd15a .jeg-elementor-kit.jkit-accordion .card-expand .card-body{font-size:var( --e-global-typography-text-font-size );line-height:var( --e-global-typography-text-line-height );}}<\/style>\t\t<div data-elementor-type=\"wp-page\" data-elementor-id=\"969\" class=\"elementor elementor-969\" data-elementor-post-type=\"page\">\n\t\t\t\t\t\t<section class=\"elementor-section elementor-top-section elementor-element elementor-element-ffeadd0 elementor-section-boxed elementor-section-height-default elementor-section-height-default\" data-id=\"ffeadd0\" data-element_type=\"section\" data-e-type=\"section\" data-settings=\"{&quot;background_background&quot;:&quot;classic&quot;}\">\n\t\t\t\t\t\t\t<div class=\"elementor-background-overlay\"><\/div>\n\t\t\t\t\t\t\t<div class=\"elementor-container elementor-column-gap-default\">\n\t\t\t\t\t<div class=\"elementor-column elementor-col-100 elementor-top-column elementor-element elementor-element-bcd94e6\" data-id=\"bcd94e6\" data-element_type=\"column\" data-e-type=\"column\">\n\t\t\t<div class=\"elementor-widget-wrap elementor-element-populated\">\n\t\t\t\t\t\t<div class=\"elementor-element elementor-element-6bbea45 elementor-widget elementor-widget-heading\" data-id=\"6bbea45\" data-element_type=\"widget\" data-e-type=\"widget\" data-widget_type=\"heading.default\">\n\t\t\t\t<div class=\"elementor-widget-container\">\n\t\t\t\t\t<h1 class=\"elementor-heading-title elementor-size-default\">Servicios al cliente TI<\/h1>\t\t\t\t<\/div>\n\t\t\t\t<\/div>\n\t\t\t\t\t<\/div>\n\t\t<\/div>\n\t\t\t\t\t<\/div>\n\t\t<\/section>\n\t\t\t\t<section class=\"elementor-section elementor-top-section elementor-element elementor-element-56cf6bf elementor-section-boxed elementor-section-height-default elementor-section-height-default\" data-id=\"56cf6bf\" data-element_type=\"section\" data-e-type=\"section\" data-settings=\"{&quot;background_background&quot;:&quot;classic&quot;}\">\n\t\t\t\t\t\t\t<div class=\"elementor-background-overlay\"><\/div>\n\t\t\t\t\t\t\t<div class=\"elementor-container elementor-column-gap-default\">\n\t\t\t\t\t<div class=\"elementor-column elementor-col-100 elementor-top-column elementor-element elementor-element-4e28b5b\" data-id=\"4e28b5b\" data-element_type=\"column\" data-e-type=\"column\">\n\t\t\t<div class=\"elementor-widget-wrap elementor-element-populated\">\n\t\t\t\t\t\t<section class=\"elementor-section elementor-inner-section elementor-element elementor-element-85ee813 elementor-section-boxed elementor-section-height-default elementor-section-height-default\" data-id=\"85ee813\" data-element_type=\"section\" data-e-type=\"section\">\n\t\t\t\t\t\t<div class=\"elementor-container elementor-column-gap-no\">\n\t\t\t\t\t<div class=\"elementor-column elementor-col-50 elementor-inner-column elementor-element elementor-element-4e3f0d0\" data-id=\"4e3f0d0\" data-element_type=\"column\" data-e-type=\"column\">\n\t\t\t<div class=\"elementor-widget-wrap elementor-element-populated\">\n\t\t\t\t\t\t<div class=\"elementor-element elementor-element-0045759 elementor-widget elementor-widget-jkit_accordion\" data-id=\"0045759\" data-element_type=\"widget\" data-e-type=\"widget\" data-widget_type=\"jkit_accordion.default\">\n\t\t\t\t<div class=\"elementor-widget-container\">\n\t\t\t\t\t<div  class=\"jeg-elementor-kit jkit-accordion style-shadow jeg_module___69e0f8df60ef8\" ><div class=\"card-wrapper \">\n                <div class=\"card-header\">\n                    <a href=\"#expand-8fab880\" class=\"card-header-button\" aria-expanded=\"false\" data-target=\"#expand-8fab880\" aria-controls=\"expand-8fab880\">\n                        <span class=\"title\">Manejo de Escalamiento<\/span><div class=\"right-icon-group\">\n                <div class=\"normal-icon\"><i aria-hidden=\"true\" class=\"fas fa-chevron-down\"><\/i><\/div>\n                <div class=\"active-icon\"><i aria-hidden=\"true\" class=\"fas fa-chevron-up\"><\/i><\/div>\n            <\/div>\n                    <\/a>\n                <\/div>\n                <div class=\"card-expand\" id=\"expand-8fab880\" style=\"display:none\"><div class=\"card-body\"><p>Los problemas y las quejas se abordan y solucionan con la menor cantidad de AHT gracias a nuestra estructura de gesti\u00f3n de clientes.<\/p><\/div><\/div>\n            <\/div><div class=\"card-wrapper \">\n                <div class=\"card-header\">\n                    <a href=\"#expand-c8565b5\" class=\"card-header-button\" aria-expanded=\"false\" data-target=\"#expand-c8565b5\" aria-controls=\"expand-c8565b5\">\n                        <span class=\"title\">Gesti\u00f3n de Ingresos<\/span><div class=\"right-icon-group\">\n                <div class=\"normal-icon\"><i aria-hidden=\"true\" class=\"fas fa-chevron-down\"><\/i><\/div>\n                <div class=\"active-icon\"><i aria-hidden=\"true\" class=\"fas fa-chevron-up\"><\/i><\/div>\n            <\/div>\n                    <\/a>\n                <\/div>\n                <div class=\"card-expand\" id=\"expand-c8565b5\" style=\"display:none\"><div class=\"card-body\"><p>Nuestras soluciones est\u00e1n hechas para garantizar que su empresa cumpla con los plazos, genere un saludable retorno de la inversi\u00f3n y alcance sus objetivos financieros.<\/p><\/div><\/div>\n            <\/div><div class=\"card-wrapper expand\">\n                <div class=\"card-header\">\n                    <a href=\"#expand-34c3ab0\" class=\"card-header-button\" aria-expanded=\"false\" data-target=\"#expand-34c3ab0\" aria-controls=\"expand-34c3ab0\">\n                        <span class=\"title\">Gesti\u00f3n de Fidelizaci\u00f3n<\/span><div class=\"right-icon-group\">\n                <div class=\"normal-icon\"><i aria-hidden=\"true\" class=\"fas fa-chevron-down\"><\/i><\/div>\n                <div class=\"active-icon\"><i aria-hidden=\"true\" class=\"fas fa-chevron-up\"><\/i><\/div>\n            <\/div>\n                    <\/a>\n                <\/div>\n                <div class=\"card-expand\" id=\"expand-34c3ab0\" style=\"display:block\"><div class=\"card-body\"><p>La subcontrataci\u00f3n del servicio al cliente puede monitorear con \u00e9xito todos los comportamientos de los consumidores en todos los puntos de contacto, desde monitorear las bases de datos de los clientes hasta clasificar a los futuros clientes para diferentes recompensas.<\/p><\/div><\/div>\n            <\/div><\/div>\t\t\t\t<\/div>\n\t\t\t\t<\/div>\n\t\t\t\t\t<\/div>\n\t\t<\/div>\n\t\t\t\t<div class=\"elementor-column elementor-col-50 elementor-inner-column elementor-element elementor-element-f02d197\" data-id=\"f02d197\" data-element_type=\"column\" data-e-type=\"column\">\n\t\t\t<div class=\"elementor-widget-wrap elementor-element-populated\">\n\t\t\t\t\t\t<div class=\"elementor-element elementor-element-26cd15a elementor-widget elementor-widget-jkit_accordion\" data-id=\"26cd15a\" data-element_type=\"widget\" data-e-type=\"widget\" data-widget_type=\"jkit_accordion.default\">\n\t\t\t\t<div class=\"elementor-widget-container\">\n\t\t\t\t\t<div  class=\"jeg-elementor-kit jkit-accordion style-shadow jeg_module__1_69e0f8df62c08\" ><div class=\"card-wrapper \">\n                <div class=\"card-header\">\n                    <a href=\"#expand-8fab880\" class=\"card-header-button\" aria-expanded=\"false\" data-target=\"#expand-8fab880\" aria-controls=\"expand-8fab880\">\n                        <span class=\"title\">Retenci\u00f3n de Clientes<\/span><div class=\"right-icon-group\">\n                <div class=\"normal-icon\"><i aria-hidden=\"true\" class=\"fas fa-chevron-down\"><\/i><\/div>\n                <div class=\"active-icon\"><i aria-hidden=\"true\" class=\"fas fa-chevron-up\"><\/i><\/div>\n            <\/div>\n                    <\/a>\n                <\/div>\n                <div class=\"card-expand\" id=\"expand-8fab880\" style=\"display:none\"><div class=\"card-body\"><p>Para mantener a la base satisfecha y evitar que se vayan, detectamos y abordamos r\u00e1pidamente las quejas de los consumidores.<\/p><\/div><\/div>\n            <\/div><div class=\"card-wrapper \">\n                <div class=\"card-header\">\n                    <a href=\"#expand-c8565b5\" class=\"card-header-button\" aria-expanded=\"false\" data-target=\"#expand-c8565b5\" aria-controls=\"expand-c8565b5\">\n                        <span class=\"title\">Servicio Posventa al Cliente<\/span><div class=\"right-icon-group\">\n                <div class=\"normal-icon\"><i aria-hidden=\"true\" class=\"fas fa-chevron-down\"><\/i><\/div>\n                <div class=\"active-icon\"><i aria-hidden=\"true\" class=\"fas fa-chevron-up\"><\/i><\/div>\n            <\/div>\n                    <\/a>\n                <\/div>\n                <div class=\"card-expand\" id=\"expand-c8565b5\" style=\"display:none\"><div class=\"card-body\"><p>Con la ayuda de nuestros servicios de centro de llamadas posventa; nos aseguramos de que los clientes reciban valor por el dinero que gastan en bienes o servicios, y las empresas adquieren conocimientos importantes que pueden ayudarlas a atender mejor las demandas de sus clientes.<\/p><\/div><\/div>\n            <\/div><div class=\"card-wrapper expand\">\n                <div class=\"card-header\">\n                    <a href=\"#expand-34c3ab0\" class=\"card-header-button\" aria-expanded=\"false\" data-target=\"#expand-34c3ab0\" aria-controls=\"expand-34c3ab0\">\n                        <span class=\"title\">Gesti\u00f3n de quejas<\/span><div class=\"right-icon-group\">\n                <div class=\"normal-icon\"><i aria-hidden=\"true\" class=\"fas fa-chevron-down\"><\/i><\/div>\n                <div class=\"active-icon\"><i aria-hidden=\"true\" class=\"fas fa-chevron-up\"><\/i><\/div>\n            <\/div>\n                    <\/a>\n                <\/div>\n                <div class=\"card-expand\" id=\"expand-34c3ab0\" style=\"display:block\"><div class=\"card-body\"><p>Examinamos cuidadosamente las escaladas de los clientes para solucionar cualquier posible brecha de comunicaci\u00f3n. Nos tomamos en serio las escaladas de los clientes.<\/p><\/div><\/div>\n            <\/div><\/div>\t\t\t\t<\/div>\n\t\t\t\t<\/div>\n\t\t\t\t\t<\/div>\n\t\t<\/div>\n\t\t\t\t\t<\/div>\n\t\t<\/section>\n\t\t\t\t\t<\/div>\n\t\t<\/div>\n\t\t\t\t\t<\/div>\n\t\t<\/section>\n\t\t\t\t<section class=\"elementor-section elementor-top-section elementor-element elementor-element-7295cd9 elementor-section-boxed elementor-section-height-default elementor-section-height-default\" data-id=\"7295cd9\" data-element_type=\"section\" data-e-type=\"section\">\n\t\t\t\t\t\t<div class=\"elementor-container elementor-column-gap-default\">\n\t\t\t\t\t<div class=\"elementor-column elementor-col-100 elementor-top-column elementor-element elementor-element-7fbe352\" data-id=\"7fbe352\" data-element_type=\"column\" data-e-type=\"column\">\n\t\t\t<div class=\"elementor-widget-wrap elementor-element-populated\">\n\t\t\t\t\t\t<div class=\"elementor-element elementor-element-10837c3 elementor-align-center elementor-widget elementor-widget-button\" data-id=\"10837c3\" data-element_type=\"widget\" data-e-type=\"widget\" data-widget_type=\"button.default\">\n\t\t\t\t<div class=\"elementor-widget-container\">\n\t\t\t\t\t\t\t\t\t<div class=\"elementor-button-wrapper\">\n\t\t\t\t\t<a class=\"elementor-button elementor-button-link elementor-size-sm\" href=\"https:\/\/cisolutionscorp.com\/contactenos\/\">\n\t\t\t\t\t\t<span class=\"elementor-button-content-wrapper\">\n\t\t\t\t\t\t\t\t\t<span class=\"elementor-button-text\">Cont\u00e1ctenos<\/span>\n\t\t\t\t\t<\/span>\n\t\t\t\t\t<\/a>\n\t\t\t\t<\/div>\n\t\t\t\t\t\t\t\t<\/div>\n\t\t\t\t<\/div>\n\t\t\t\t\t<\/div>\n\t\t<\/div>\n\t\t\t\t\t<\/div>\n\t\t<\/section>\n\t\t\t\t<\/div>\n\t\t","protected":false},"excerpt":{"rendered":"<p>Servicios al cliente TI Manejo de Escalamiento Los problemas y las quejas se abordan y solucionan con la menor cantidad de AHT gracias a nuestra estructura de gesti\u00f3n de clientes. Gesti\u00f3n de Ingresos Nuestras soluciones est\u00e1n hechas para garantizar que su empresa cumpla con los plazos, genere un saludable retorno de la inversi\u00f3n y alcance [&hellip;]<\/p>\n","protected":false},"author":4,"featured_media":0,"parent":0,"menu_order":0,"comment_status":"closed","ping_status":"closed","template":"","meta":{"footnotes":""},"class_list":["post-969","page","type-page","status-publish","hentry"],"_links":{"self":[{"href":"https:\/\/cisolutionscorp.com\/en\/wp-json\/wp\/v2\/pages\/969","targetHints":{"allow":["GET"]}}],"collection":[{"href":"https:\/\/cisolutionscorp.com\/en\/wp-json\/wp\/v2\/pages"}],"about":[{"href":"https:\/\/cisolutionscorp.com\/en\/wp-json\/wp\/v2\/types\/page"}],"author":[{"embeddable":true,"href":"https:\/\/cisolutionscorp.com\/en\/wp-json\/wp\/v2\/users\/4"}],"replies":[{"embeddable":true,"href":"https:\/\/cisolutionscorp.com\/en\/wp-json\/wp\/v2\/comments?post=969"}],"version-history":[{"count":28,"href":"https:\/\/cisolutionscorp.com\/en\/wp-json\/wp\/v2\/pages\/969\/revisions"}],"predecessor-version":[{"id":1608,"href":"https:\/\/cisolutionscorp.com\/en\/wp-json\/wp\/v2\/pages\/969\/revisions\/1608"}],"wp:attachment":[{"href":"https:\/\/cisolutionscorp.com\/en\/wp-json\/wp\/v2\/media?parent=969"}],"curies":[{"name":"wp","href":"https:\/\/api.w.org\/{rel}","templated":true}]}}